{"id":288,"date":"2023-11-15T00:54:28","date_gmt":"2023-11-14T23:54:28","guid":{"rendered":"http:\/\/lateliergrosdesirs.fr\/?page_id=288"},"modified":"2024-05-14T12:29:21","modified_gmt":"2024-05-14T10:29:21","slug":"homepage","status":"publish","type":"page","link":"https:\/\/lateliergrosdesirs.fr\/en\/","title":{"rendered":"L\u2019atelier Gros-d\u00e9sirs, cr\u00e9ateur d&#8217;\u00e9motions."},"content":{"rendered":"<div id=\"product-homepage\">\n  <a href=\"https:\/\/lateliergrosdesirs.fr\/en\/product\/cuir-veloute\/\">\n    <div class=\"img-container\">\n      <img decoding=\"async\" src=\"http:\/\/lateliergrosdesirs.fr\/wp-content\/uploads\/2023\/11\/parfum-vue-3-4-cuir-veloute-hp.jpg\" alt=\"Cuir velout\u00e9\" \/>\n      <!-- <p>COMMANDER<\/p> -->\n    <\/div>\n  <\/a>\n  <a href=\"https:\/\/lateliergrosdesirs.fr\/en\/product\/coffret-decouverte\/\">\n    <div class=\"img-container\">\n      <img decoding=\"async\" src=\"http:\/\/lateliergrosdesirs.fr\/wp-content\/uploads\/2023\/11\/coffret-2-flacons-scaled-hp.jpg\" alt=\"Coffret 2 flacons\" \/>\n      <!-- <p>COMMANDER<\/p> -->\n    <\/div>\n  <\/a>\n  <a href=\"https:\/\/lateliergrosdesirs.fr\/en\/product\/bois-ambres\/\">\n    <div class=\"img-container\">\n      <img decoding=\"async\" src=\"http:\/\/lateliergrosdesirs.fr\/wp-content\/uploads\/2023\/11\/parfum-vue-3-4_bois-ambres-hp.jpg\" alt=\"Bois ambres\" \/>\n      <!-- <p>COMMANDER<\/p> -->\n    <\/div>\n  <\/a>\n<\/div>\n\n<style>\n  h1.page-title {\n    display: none;\n  }\n.homepage-title, .homepage-smoke{\nmargin: 45px auto\n}\n  .homepage-paragraph {\n    max-width: 650px;\n    margin: 0 auto 15px;\n  }\n  #product-homepage {\n    display: flex;\n    justify-content: space-evenly;\n    margin-bottom: 64px;\n    max-width: 1250px;\n    margin: 0 auto 64px;\n    flex-direction: column;\n    align-items: center;\n    gap: 12px;\n  }\n  #product-homepage a {\n    width: 96%;\n  }\n  #product-homepage a .img-container {\n    position: relative;\n    overflow: hidden;\n    border: 1px solid #333;\n    border-radius: 4px;\n    -webkit-box-shadow: 0px 0px 3px 2px rgba(0, 0, 0, 0.1);;\n    -moz-box-shadow: 0px 0px 3px 2px rgba(0, 0, 0, 0.1);;\n    box-shadow: 0px 0px 3px 2px rgba(0, 0, 0, 0.1);;\n  }\n  #product-homepage a .img-container img {\n    width: 100%;\n  }\n  #product-homepage a .img-container:hover img {\n    transform: scale(1.1);\n    transition: transform 0.4s ease-in-out;\n  }\n  #product-homepage a .img-container p {\n    position: absolute;\n    top: 50%;\n    left: 50%;\n    transform: translate(-50%, -50%);\n    display: inline-block;\n    padding: 8px 20px;\n    font-family: \"Open Sans\";\n    font-size: 14px;\n    letter-spacing: 1.5px;\n    font-weight: 600;\n    text-transform: uppercase;\n    background-color: #ffffff;\n    color: #000000;\n  }\n  @media screen and (min-width: 768px) {\n    #product-homepage {\n      flex-direction: row;\n    }\n    #product-homepage a {\n      width: 30%;\n    }\n  }\n<\/style>\n\n\n\n<h2 class=\"wp-block-heading has-text-align-center\">Our Universe<\/h2>\n\n\n<div class=\"wp-block-image\">\n<figure class=\"aligncenter size-large\"><img loading=\"lazy\" decoding=\"async\" width=\"1024\" height=\"394\" src=\"https:\/\/lateliergrosdesirs.fr\/wp-content\/uploads\/2023\/03\/DSC01093-1024x394.jpg\" alt=\"\" class=\"wp-image-338\" srcset=\"https:\/\/lateliergrosdesirs.fr\/wp-content\/uploads\/2023\/03\/DSC01093-1024x394.jpg 1024w, https:\/\/lateliergrosdesirs.fr\/wp-content\/uploads\/2023\/03\/DSC01093-scaled-1000x384.jpg 1000w, https:\/\/lateliergrosdesirs.fr\/wp-content\/uploads\/2023\/03\/DSC01093-750x288.jpg 750w, https:\/\/lateliergrosdesirs.fr\/wp-content\/uploads\/2023\/03\/DSC01093-768x295.jpg 768w, https:\/\/lateliergrosdesirs.fr\/wp-content\/uploads\/2023\/03\/DSC01093-1536x590.jpg 1536w, https:\/\/lateliergrosdesirs.fr\/wp-content\/uploads\/2023\/03\/DSC01093-2048x787.jpg 2048w, https:\/\/lateliergrosdesirs.fr\/wp-content\/uploads\/2023\/03\/DSC01093-1140x438.jpg 1140w\" sizes=\"auto, (max-width: 1024px) 100vw, 1024px\" \/><\/figure>\n<\/div>\n\n\n<p><\/p>\n\n\n\n<h3 class=\"wp-block-heading has-text-align-center homepage-title\">L\u2019atelier Gros-d\u00e9sirs, cr\u00e9ateur d&#8217;\u00e9motions.<\/h3>\n\n\n\n<p class=\"has-text-align-left homepage-paragraph\" style=\"font-size:15px\">\u00c0 travers la cr\u00e9ation de ses parfums, l\u2019atelier Gros-d\u00e9sirs transporte vos sens et vous invite au voyage. Derri\u00e8re les diff\u00e9rentes tonalit\u00e9s de fragrance, une promesse de d\u00e9couverte, de d\u00e9sir et d&#8217;\u00e9motions.<br>C&#8217;est une ode \u00e0 l\u2019acceptation, au multiculturalisme et surtout \u00e0 la vie.<\/p>\n\n\n<div class=\"wp-block-image homepage-smoke\">\n<figure class=\"aligncenter size-full\"><img loading=\"lazy\" decoding=\"async\" width=\"822\" height=\"55\" src=\"http:\/\/lateliergrosdesirs.fr\/wp-content\/uploads\/2023\/03\/Sans-titre-26-1.png\" alt=\"\" class=\"wp-image-97\" srcset=\"https:\/\/lateliergrosdesirs.fr\/wp-content\/uploads\/2023\/03\/Sans-titre-26-1.png 822w, https:\/\/lateliergrosdesirs.fr\/wp-content\/uploads\/2023\/03\/Sans-titre-26-1-800x55.png 800w, https:\/\/lateliergrosdesirs.fr\/wp-content\/uploads\/2023\/03\/Sans-titre-26-1-578x39.png 578w, https:\/\/lateliergrosdesirs.fr\/wp-content\/uploads\/2023\/03\/Sans-titre-26-1-300x20.png 300w, https:\/\/lateliergrosdesirs.fr\/wp-content\/uploads\/2023\/03\/Sans-titre-26-1-768x51.png 768w\" sizes=\"auto, (max-width: 822px) 100vw, 822px\" \/><\/figure>\n<\/div>\n\n\n<p class=\"homepage-paragraph\" style=\"font-size:15px\"><br>Plus de quatre ans de recherches, et d\u2019exp\u00e9rimentations, ont \u00e9t\u00e9 n\u00e9cessaire afin d\u2019atteindre les r\u00e9sultats souhait\u00e9s. A chaque \u00e9tape de l&#8217;\u00e9laboration de cette gamme novatrice, l\u2019exigence a \u00e9t\u00e9 le ma\u00eetre mot. Le soin apport\u00e9 au moindre d\u00e9tail rend ces parfums remarquables et hors du commun.<br>The subtlety of each note was considered and studied to arouse your desire to choose the Gros-d\u00e9sirs Workshop as the creator of your memories.<\/p>\n\n\n\n<p class=\"has-text-align-center homepage-title has-medium-font-size\"><strong>No gender is the new chic!<\/strong><\/p>\n\n\n\n<p class=\"homepage-paragraph\" style=\"font-size:15px\">L\u2019atelier Gros-D\u00e9sirs is a complete olfactory identity.<br>Il n\u2019a pas d&#8217;\u00e9gal. Il se voulait diff\u00e9rent des parfums d\u00e9j\u00e0 accessibles sur le march\u00e9 et le r\u00e9sultat lui conf\u00e8re un caract\u00e8re exclusif.<br>Du parfum en lui-m\u00eame \u00e0 son \u00e9crin, tout a \u00e9t\u00e9 pens\u00e9 comme une exp\u00e9rience unique et raffin\u00e9e. L\u2019atelier Gros-d\u00e9sirs est l\u2019incarnation du luxe et de l&#8217;\u00e9l\u00e9gance \u00e0 la fran\u00e7aise, inspir\u00e9 de la p\u00e9riode art d\u00e9co, son flacon a \u00e9t\u00e9 fa\u00e7onn\u00e9 tel un objet d\u2019art.<\/p>\n\n\n<div class=\"wp-block-image homepage-smoke\">\n<figure class=\"aligncenter size-full\"><img loading=\"lazy\" decoding=\"async\" width=\"822\" height=\"55\" src=\"http:\/\/lateliergrosdesirs.fr\/wp-content\/uploads\/2023\/03\/Sans-titre-26-1.png\" alt=\"\" class=\"wp-image-97\" srcset=\"https:\/\/lateliergrosdesirs.fr\/wp-content\/uploads\/2023\/03\/Sans-titre-26-1.png 822w, https:\/\/lateliergrosdesirs.fr\/wp-content\/uploads\/2023\/03\/Sans-titre-26-1-800x55.png 800w, https:\/\/lateliergrosdesirs.fr\/wp-content\/uploads\/2023\/03\/Sans-titre-26-1-578x39.png 578w, https:\/\/lateliergrosdesirs.fr\/wp-content\/uploads\/2023\/03\/Sans-titre-26-1-300x20.png 300w, https:\/\/lateliergrosdesirs.fr\/wp-content\/uploads\/2023\/03\/Sans-titre-26-1-768x51.png 768w\" sizes=\"auto, (max-width: 822px) 100vw, 822px\" \/><\/figure>\n<\/div>\n\n\n<figure class=\"wp-block-video aligncenter\"><video height=\"1080\" style=\"aspect-ratio: 1920 \/ 1080;\" width=\"1920\" autoplay loop muted src=\"http:\/\/lateliergrosdesirs.fr\/wp-content\/uploads\/2023\/10\/GD-Pub-45s-1.mp4\" playsinline><\/video><\/figure>","protected":false},"excerpt":{"rendered":"<p>NOTRE UNIVERS L\u2019atelier Gros-d\u00e9sirs, cr\u00e9ateur d&#8217;\u00e9motions. \u00c0 travers la cr\u00e9ation de ses parfums, l\u2019atelier Gros-d\u00e9sirs transporte vos sens et vous invite au voyage. Derri\u00e8re les diff\u00e9rentes tonalit\u00e9s de fragrance, une promesse de d\u00e9couverte, de d\u00e9sir et d&#8217;\u00e9motions.C&#8217;est une ode \u00e0 l\u2019acceptation, au multiculturalisme et surtout \u00e0 la vie. Plus de quatre ans de recherches, et d\u2019exp\u00e9rimentations, ont \u00e9t\u00e9 n\u00e9cessaire afin d\u2019atteindre les r\u00e9sultats souhait\u00e9s. A chaque \u00e9tape de l&#8217;\u00e9laboration de cette gamme novatrice, l\u2019exigence a \u00e9t\u00e9 le ma\u00eetre mot. Le soin apport\u00e9 au moindre d\u00e9tail rend ces parfums remarquables et hors du commun.La subtilit\u00e9 de chaque note a \u00e9t\u00e9 envisag\u00e9e et \u00e9tudi\u00e9e pour susciter votre envie de choisir l\u2019atelier Gros-d\u00e9sirs comme cr\u00e9ateur de vos souvenirs. No gender is the new chic ! L\u2019atelier Gros-d\u00e9sirs est une identit\u00e9 olfactive \u00e0 part enti\u00e8re.Il n\u2019a pas d&#8217;\u00e9gal. Il se voulait diff\u00e9rent des parfums d\u00e9j\u00e0 accessibles sur le march\u00e9 et le r\u00e9sultat lui conf\u00e8re un caract\u00e8re exclusif.Du parfum en lui-m\u00eame \u00e0 son \u00e9crin, tout a \u00e9t\u00e9 pens\u00e9 comme une exp\u00e9rience unique et raffin\u00e9e. L\u2019atelier Gros-d\u00e9sirs est l\u2019incarnation du luxe et de l&#8217;\u00e9l\u00e9gance \u00e0 la fran\u00e7aise, inspir\u00e9 de la p\u00e9riode art d\u00e9co, son flacon a \u00e9t\u00e9 fa\u00e7onn\u00e9 tel un objet d\u2019art.<\/p>","protected":false},"author":1,"featured_media":0,"parent":0,"menu_order":0,"comment_status":"closed","ping_status":"closed","template":"","meta":{"footnotes":""},"class_list":["post-288","page","type-page","status-publish","hentry"],"jetpack_sharing_enabled":true,"_links":{"self":[{"href":"https:\/\/lateliergrosdesirs.fr\/en\/wp-json\/wp\/v2\/pages\/288","targetHints":{"allow":["GET"]}}],"collection":[{"href":"https:\/\/lateliergrosdesirs.fr\/en\/wp-json\/wp\/v2\/pages"}],"about":[{"href":"https:\/\/lateliergrosdesirs.fr\/en\/wp-json\/wp\/v2\/types\/page"}],"author":[{"embeddable":true,"href":"https:\/\/lateliergrosdesirs.fr\/en\/wp-json\/wp\/v2\/users\/1"}],"replies":[{"embeddable":true,"href":"https:\/\/lateliergrosdesirs.fr\/en\/wp-json\/wp\/v2\/comments?post=288"}],"version-history":[{"count":42,"href":"https:\/\/lateliergrosdesirs.fr\/en\/wp-json\/wp\/v2\/pages\/288\/revisions"}],"predecessor-version":[{"id":446,"href":"https:\/\/lateliergrosdesirs.fr\/en\/wp-json\/wp\/v2\/pages\/288\/revisions\/446"}],"wp:attachment":[{"href":"https:\/\/lateliergrosdesirs.fr\/en\/wp-json\/wp\/v2\/media?parent=288"}],"curies":[{"name":"wp","href":"https:\/\/api.w.org\/{rel}","templated":true}]}}