{"id":33,"date":"2023-03-09T18:53:00","date_gmt":"2023-03-09T17:53:00","guid":{"rendered":"http:\/\/lateliergrosdesirs.fr\/?page_id=33"},"modified":"2023-11-25T12:56:42","modified_gmt":"2023-11-25T11:56:42","slug":"creations","status":"publish","type":"page","link":"https:\/\/lateliergrosdesirs.fr\/en\/creations\/","title":{"rendered":"Our creations"},"content":{"rendered":"<div style=\"height:54px\" aria-hidden=\"true\" class=\"wp-block-spacer\"><\/div>\n\n\n<div class=\"wp-block-image\">\n<figure class=\"aligncenter size-large is-resized\"><img loading=\"lazy\" decoding=\"async\" width=\"1024\" height=\"393\" src=\"http:\/\/lateliergrosdesirs.fr\/wp-content\/uploads\/2023\/08\/cropped-IMG_3775-1-scaled-1-1024x393.jpg\" alt=\"\" class=\"wp-image-215\" style=\"width:1116px;height:auto\" srcset=\"https:\/\/lateliergrosdesirs.fr\/wp-content\/uploads\/2023\/08\/cropped-IMG_3775-1-scaled-1-1024x393.jpg 1024w, https:\/\/lateliergrosdesirs.fr\/wp-content\/uploads\/2023\/08\/cropped-IMG_3775-1-scaled-1-1000x384.jpg 1000w, https:\/\/lateliergrosdesirs.fr\/wp-content\/uploads\/2023\/08\/cropped-IMG_3775-1-scaled-1-300x115.jpg 300w, https:\/\/lateliergrosdesirs.fr\/wp-content\/uploads\/2023\/08\/cropped-IMG_3775-1-scaled-1-768x295.jpg 768w, https:\/\/lateliergrosdesirs.fr\/wp-content\/uploads\/2023\/08\/cropped-IMG_3775-1-scaled-1-1140x438.jpg 1140w, https:\/\/lateliergrosdesirs.fr\/wp-content\/uploads\/2023\/08\/cropped-IMG_3775-1-scaled-1.jpg 1500w\" sizes=\"auto, (max-width: 1024px) 100vw, 1024px\" \/><\/figure>\n<\/div>\n\n\n<div style=\"height:54px\" aria-hidden=\"true\" class=\"wp-block-spacer\"><\/div>\n\n\n\n<div class=\"wp-block-group is-vertical is-content-justification-center is-layout-flex wp-container-core-group-is-layout-4b2eccd6 wp-block-group-is-layout-flex\">\n<h2 class=\"wp-block-heading has-large-font-size\"><strong>A Collection Ode to Acceptance<\/strong><\/h2>\n\n\n\n<div style=\"height:34px\" aria-hidden=\"true\" class=\"wp-block-spacer wp-container-content-6c24486e\"><\/div>\n\n\n\n<p class=\"has-text-align-center\">The perfume maison wanted to advocate for values that resonate with it. Through its range of non-gendered perfumes, an ode to acceptance, multiculturalism, and above all, life unfolds. The workshop aimed to offer a different and unique proposition from those already available on the market, and the result gives it an exclusive character.<br>Lovers, aesthetes, with each whiff, you'll sense the sweetness of summer nights on the French Riviera, the promise of a romantic encounter at a table on the shores of Lake Como, the splendor of a palace in Abu Dhabi. Celebrating difference is the essence of l\u2019atelier Gros-D\u00e9sirs!<br>Regardless of your identity, your gender, the new chic is to embrace the essence of your being. This anthem to diversity and joy will leave the memory of your elegant presence indelibly.<\/p>\n\n\n\n<div style=\"height:0px\" aria-hidden=\"true\" class=\"wp-block-spacer wp-container-content-075923e3\"><\/div>\n\n\n\n<p class=\"has-large-font-size\"><strong>French Chic<\/strong><\/p>\n\n\n\n<div style=\"height:34px\" aria-hidden=\"true\" class=\"wp-block-spacer wp-container-content-6c24486e\"><\/div>\n\n\n\n<p class=\"has-text-align-center\">From the perfume itself to its packaging, everything has been thought of as a unique and refined experience. L\u2019atelier Gros-D\u00e9sirs is the embodiment of French luxury and elegance, inspired by the Art Deco period; its bottle has been crafted like a work of art. The care given to the smallest detail makes these perfumes remarkable and extraordinary.<br>The subtlety of each note was considered and studied to arouse your desire to choose the Gros-D\u00e9sirs Workshop as the creator of your memories.<\/p>\n<\/div>\n\n\n\n<div style=\"height:54px\" aria-hidden=\"true\" class=\"wp-block-spacer\"><\/div>\n\n\n\n<p class=\"has-large-font-size\"><strong>Cuir Velout\u00e9<\/strong><\/p>\n\n\n\n<div class=\"wp-block-columns creation-product is-layout-flex wp-container-core-columns-is-layout-9d6595d7 wp-block-columns-is-layout-flex\">\n<div class=\"wp-block-column is-layout-flow wp-block-column-is-layout-flow\" style=\"flex-basis:33.33%\">\n<figure class=\"wp-block-image size-large\"><img decoding=\"async\" src=\"http:\/\/lateliergrosdesirs.fr\/wp-content\/uploads\/2023\/10\/parfum-vue-3-4-cuir-veloute-682x1024.jpg\" alt=\"\"\/><\/figure>\n<\/div>\n\n\n\n<div class=\"wp-block-column is-layout-flow wp-block-column-is-layout-flow\" style=\"flex-basis:66.66%\">\n<p><strong>Composition<\/strong><\/p>\n\n\n\n<p>Top notes: Suede, raspberry, bergamot, saffron, plum, myrrh<br>Heart notes: Amberwood, white flower, leather, vetiver, iris<br>Base notes: Musk, amber, Cypriol, caramel, moss, labdanum, clary sage<\/p>\n\n\n\n<p>Bottle 100 ml<\/p>\n\n\n\n<div class=\"wp-block-buttons is-layout-flex wp-block-buttons-is-layout-flex\">\n<div class=\"wp-block-button\"><a class=\"wp-block-button__link wp-element-button\" href=\"https:\/\/lateliergrosdesirs.fr\/en\/product\/cuir-veloute\/\">Purchase<\/a><\/div>\n<\/div>\n<\/div>\n<\/div>\n\n\n\n<p class=\"has-large-font-size\"><strong>Bois ambr\u00e9s<\/strong><\/p>\n\n\n\n<div class=\"wp-block-columns creation-product is-layout-flex wp-container-core-columns-is-layout-9d6595d7 wp-block-columns-is-layout-flex\">\n<div class=\"wp-block-column is-layout-flow wp-block-column-is-layout-flow\" style=\"flex-basis:33.33%\">\n<figure class=\"wp-block-image size-large\"><img decoding=\"async\" src=\"http:\/\/lateliergrosdesirs.fr\/wp-content\/uploads\/2023\/10\/parfum-vue-3-4-cuir-veloute-682x1024.jpg\" alt=\"\"\/><\/figure>\n<\/div>\n\n\n\n<div class=\"wp-block-column is-layout-flow wp-block-column-is-layout-flow\" style=\"flex-basis:66.66%\">\n<p><strong>Composition<\/strong><\/p>\n\n\n\n<p>Top notes: Rose, bergamot, green notes<br>Heart notes: Heliotrope, pink jasmine, carnation<br>Base notes: Vanilla, amber, amber woods, moss, musk<\/p>\n\n\n\n<p>Bottle 100 ml<\/p>\n\n\n\n<div class=\"wp-block-buttons is-layout-flex wp-block-buttons-is-layout-flex\">\n<div class=\"wp-block-button\"><a class=\"wp-block-button__link wp-element-button\" href=\"https:\/\/lateliergrosdesirs.fr\/en\/product\/bois-ambres\/\">Purchase<\/a><\/div>\n<\/div>\n<\/div>\n<\/div>\n\n\n\n<figure class=\"wp-block-video\"><video height=\"1080\" style=\"aspect-ratio: 1920 \/ 1080;\" width=\"1920\" autoplay loop muted preload=\"auto\" src=\"https:\/\/lateliergrosdesirs.fr\/wp-content\/uploads\/2023\/10\/GD-Pub-45s-1.mp4\" playsinline><\/video><\/figure>","protected":false},"excerpt":{"rendered":"<p>Une collection ode \u00e0 l\u2019acceptation La maison de parfum a souhait\u00e9 pr\u00f4ner des valeurs qui lui ressemblent. \u00c0 travers sa gamme de parfums non genr\u00e9s, c\u2019est une ode, \u00e0 l\u2019acceptation, au multiculturalisme et surtout \u00e0 la vie, qui s\u2019esquisse. L\u2019atelier souhaitait offrir une proposition diff\u00e9rente et unique de celles d\u00e9j\u00e0 accessibles sur le march\u00e9 et le r\u00e9sultat lui conf\u00e8re un caract\u00e8re exclusif.Amoureux, esth\u00e8tes, vous verrez \u00e0 chaque effluve, la douceur des nuits d\u2019\u00e9t\u00e9 sur la french riviera, la promesse d\u2019une rencontre amoureuse, attabl\u00e9s en terrasse en bordure du lac de C\u00f4me, la somptuosit\u00e9 d\u2019un palace \u00e0 Abu Dhabi. C\u00e9l\u00e9brer la diff\u00e9rence est l\u2019essence de l\u2019atelier Gros-D\u00e9sirs!Quelque soit votre identit\u00e9, votre genre, le nouveau chic est d\u2019assumer l\u2019essence de votre \u00eatre. Cette hymne \u00e0 la diversit\u00e9 et \u00e0 la joie laissera le souvenir de votre pr\u00e9sence \u00e9l\u00e9gante de fa\u00e7on ind\u00e9l\u00e9bile. Le chic \u00e0 la fran\u00e7aise Du parfum en lui-m\u00eame \u00e0 son \u00e9crin, tout a \u00e9t\u00e9 pens\u00e9 comme une exp\u00e9rience unique et raffin\u00e9e. L\u2019atelier Gros-D\u00e9sirs est l\u2019incarnation du luxe et de l\u2019\u00e9l\u00e9gance \u00e0 la fran\u00e7aise, inspir\u00e9 de la p\u00e9riode art d\u00e9co, son flacon a \u00e9t\u00e9 fa\u00e7onn\u00e9 tel un objet d\u2019art. Le soin apport\u00e9 au moindre d\u00e9tail rend ces parfums remarquables et hors du commun.La subtilit\u00e9 de chaque note a \u00e9t\u00e9 envisag\u00e9e et \u00e9tudi\u00e9e pour susciter votre envie de choisir l\u2019atelier Gros-D\u00e9sirs comme cr\u00e9ateur de vos souvenirs. Cuir Velout\u00e9 Composition Notes de t\u00eate: Daim, framboise, bergamote, safran, prune, myrrheNotes de c\u0153ur: bois ambr\u00e9, fleur blanche, cuir, v\u00e9tiver, iris.Notes de fond: musc, ambre, Cypriol, Caramel, mousse, ciste, sauge sclar\u00e9e Bouteille 100 ml Bois ambr\u00e9s Composition Notes de t\u00eates : Rose, bergamote, notes vertesNotes de coeur : H\u00e9liotrope, jasmin rose, oeilletNotes de fond : Vanille, ambre, bois ambr\u00e9s, mousse, musc Bouteille 100 ml<\/p>","protected":false},"author":1,"featured_media":0,"parent":0,"menu_order":0,"comment_status":"closed","ping_status":"closed","template":"","meta":{"footnotes":""},"class_list":["post-33","page","type-page","status-publish","hentry"],"jetpack_sharing_enabled":true,"_links":{"self":[{"href":"https:\/\/lateliergrosdesirs.fr\/en\/wp-json\/wp\/v2\/pages\/33","targetHints":{"allow":["GET"]}}],"collection":[{"href":"https:\/\/lateliergrosdesirs.fr\/en\/wp-json\/wp\/v2\/pages"}],"about":[{"href":"https:\/\/lateliergrosdesirs.fr\/en\/wp-json\/wp\/v2\/types\/page"}],"author":[{"embeddable":true,"href":"https:\/\/lateliergrosdesirs.fr\/en\/wp-json\/wp\/v2\/users\/1"}],"replies":[{"embeddable":true,"href":"https:\/\/lateliergrosdesirs.fr\/en\/wp-json\/wp\/v2\/comments?post=33"}],"version-history":[{"count":24,"href":"https:\/\/lateliergrosdesirs.fr\/en\/wp-json\/wp\/v2\/pages\/33\/revisions"}],"predecessor-version":[{"id":425,"href":"https:\/\/lateliergrosdesirs.fr\/en\/wp-json\/wp\/v2\/pages\/33\/revisions\/425"}],"wp:attachment":[{"href":"https:\/\/lateliergrosdesirs.fr\/en\/wp-json\/wp\/v2\/media?parent=33"}],"curies":[{"name":"wp","href":"https:\/\/api.w.org\/{rel}","templated":true}]}}