{"id":354,"date":"2023-11-15T15:20:40","date_gmt":"2023-11-15T14:20:40","guid":{"rendered":"http:\/\/lateliergrosdesirs.fr\/?page_id=354"},"modified":"2023-11-15T15:20:42","modified_gmt":"2023-11-15T14:20:42","slug":"our-brand-universe","status":"publish","type":"page","link":"https:\/\/lateliergrosdesirs.fr\/en\/our-brand-universe\/","title":{"rendered":"Our brand universe"},"content":{"rendered":"<p> <div class=\"wp-block-group\"> <h3 class=\"wp-block-heading has-text-align-center\">L\u2019atelier Gros-d\u00e9sirs, creator of emotions.<\/h3>   <p style=\"font-size:15px\">Through the crafting of its perfumes, L&#8217;atelier Gros-D\u00e9sirs transports your senses and invites you on a journey. Behind the various fragrance notes lies a promise of discovery, desire, and emotions. It&#8217;s an ode to acceptance, multiculturalism, and above all, to life.<\/p>   <div style=\"height:0px\" aria-hidden=\"true\" class=\"wp-block-spacer\"><\/div>   <figure class=\"wp-block-image size-full\"><img loading=\"lazy\" decoding=\"async\" width=\"822\" height=\"55\" class=\"wp-image-97\" src=\"http:\/\/lateliergrosdesirs.fr\/wp-content\/uploads\/2023\/03\/Sans-titre-26-1.png\" alt=\"\" srcset=\"https:\/\/lateliergrosdesirs.fr\/wp-content\/uploads\/2023\/03\/Sans-titre-26-1.png 822w, https:\/\/lateliergrosdesirs.fr\/wp-content\/uploads\/2023\/03\/Sans-titre-26-1-800x55.png 800w, https:\/\/lateliergrosdesirs.fr\/wp-content\/uploads\/2023\/03\/Sans-titre-26-1-578x39.png 578w, https:\/\/lateliergrosdesirs.fr\/wp-content\/uploads\/2023\/03\/Sans-titre-26-1-300x20.png 300w, https:\/\/lateliergrosdesirs.fr\/wp-content\/uploads\/2023\/03\/Sans-titre-26-1-768x51.png 768w\" sizes=\"auto, (max-width: 822px) 100vw, 822px\" \/><\/figure>   <div style=\"height:0px\" aria-hidden=\"true\" class=\"wp-block-spacer\"><\/div>   <p style=\"font-size:15px\">More than a year of research and experimentation was necessary to achieve the desired results. At each stage of the development of this innovative range, excellence was the guiding principle. The meticulous attention to every detail makes these perfumes remarkable and extraordinary. The subtlety of each note has been considered and studied to evoke your desire to choose l&#8217;atelier Gros-D\u00e9sirs as the creator of your memories.<\/p>   <div style=\"height:0px\" aria-hidden=\"true\" class=\"wp-block-spacer\"><\/div>   <p class=\"has-medium-font-size\"><strong>No gender is the new chic!<\/strong><\/p>   <div style=\"height:0px\" aria-hidden=\"true\" class=\"wp-block-spacer\"><\/div>   <p style=\"font-size:15px\">L&#8217;atelier Gros-D\u00e9sirs is a complete olfactive identity. It has no equal. It aimed to be different from perfumes already available in the market, and the result gives it an exclusive character. From the perfume itself to its packaging, everything has been designed as a unique and refined experience. L&#8217;atelier Gros-D\u00e9sirs is the embodiment of luxury and elegance \u00e0 la fran\u00e7aise. Inspired by the Art Deco period, its bottle has been crafted like a work of art.<\/p> <\/div>   <div class=\"wp-block-spacer\" style=\"height:51px\" aria-hidden=\"true\"><\/div>   <figure class=\"wp-block-image aligncenter size-full\"><img loading=\"lazy\" decoding=\"async\" width=\"822\" height=\"55\" class=\"wp-image-97\" src=\"http:\/\/lateliergrosdesirs.fr\/wp-content\/uploads\/2023\/03\/Sans-titre-26-1.png\" alt=\"\" srcset=\"https:\/\/lateliergrosdesirs.fr\/wp-content\/uploads\/2023\/03\/Sans-titre-26-1.png 822w, https:\/\/lateliergrosdesirs.fr\/wp-content\/uploads\/2023\/03\/Sans-titre-26-1-800x55.png 800w, https:\/\/lateliergrosdesirs.fr\/wp-content\/uploads\/2023\/03\/Sans-titre-26-1-578x39.png 578w, https:\/\/lateliergrosdesirs.fr\/wp-content\/uploads\/2023\/03\/Sans-titre-26-1-300x20.png 300w, https:\/\/lateliergrosdesirs.fr\/wp-content\/uploads\/2023\/03\/Sans-titre-26-1-768x51.png 768w\" sizes=\"auto, (max-width: 822px) 100vw, 822px\" \/><\/figure> <\/p>","protected":false},"excerpt":{"rendered":"<p>L\u2019atelier Gros-d\u00e9sirs, creator of emotions. Through the crafting of its perfumes, L&#8217;atelier Gros-D\u00e9sirs transports your senses and invites you on a journey. Behind the various fragrance notes lies a promise of discovery, desire, and emotions. It&#8217;s an ode to acceptance, multiculturalism, and above all, to life. More than a year of research and experimentation was necessary to achieve the desired results. At each stage of the development of this innovative range, excellence was the guiding principle. The meticulous attention to every detail makes these perfumes remarkable and extraordinary. The subtlety of each note has been considered and studied to evoke your desire to choose l&#8217;atelier Gros-D\u00e9sirs as the creator of your memories. No gender is the new chic ! L&#8217;atelier Gros-D\u00e9sirs is a complete olfactive identity. It has no equal. It aimed to be different from perfumes already available in the market, and the result gives it an exclusive character. From the perfume itself to its packaging, everything has been designed as a unique and refined experience. L&#8217;atelier Gros-D\u00e9sirs is the embodiment of luxury and elegance \u00e0 la fran\u00e7aise. Inspired by the Art Deco period, its bottle has been crafted like a work of art.<\/p>","protected":false},"author":1,"featured_media":355,"parent":0,"menu_order":0,"comment_status":"closed","ping_status":"closed","template":"","meta":{"footnotes":""},"class_list":["post-354","page","type-page","status-publish","has-post-thumbnail","hentry"],"jetpack_sharing_enabled":true,"_links":{"self":[{"href":"https:\/\/lateliergrosdesirs.fr\/en\/wp-json\/wp\/v2\/pages\/354","targetHints":{"allow":["GET"]}}],"collection":[{"href":"https:\/\/lateliergrosdesirs.fr\/en\/wp-json\/wp\/v2\/pages"}],"about":[{"href":"https:\/\/lateliergrosdesirs.fr\/en\/wp-json\/wp\/v2\/types\/page"}],"author":[{"embeddable":true,"href":"https:\/\/lateliergrosdesirs.fr\/en\/wp-json\/wp\/v2\/users\/1"}],"replies":[{"embeddable":true,"href":"https:\/\/lateliergrosdesirs.fr\/en\/wp-json\/wp\/v2\/comments?post=354"}],"version-history":[{"count":1,"href":"https:\/\/lateliergrosdesirs.fr\/en\/wp-json\/wp\/v2\/pages\/354\/revisions"}],"predecessor-version":[{"id":356,"href":"https:\/\/lateliergrosdesirs.fr\/en\/wp-json\/wp\/v2\/pages\/354\/revisions\/356"}],"wp:featuredmedia":[{"embeddable":true,"href":"https:\/\/lateliergrosdesirs.fr\/en\/wp-json\/wp\/v2\/media\/355"}],"wp:attachment":[{"href":"https:\/\/lateliergrosdesirs.fr\/en\/wp-json\/wp\/v2\/media?parent=354"}],"curies":[{"name":"wp","href":"https:\/\/api.w.org\/{rel}","templated":true}]}}