{"id":407,"date":"2023-11-24T15:07:41","date_gmt":"2023-11-24T14:07:41","guid":{"rendered":"https:\/\/lateliergrosdesirs.fr\/?page_id=407"},"modified":"2023-11-24T15:07:41","modified_gmt":"2023-11-24T14:07:41","slug":"mentions-legales","status":"publish","type":"page","link":"https:\/\/lateliergrosdesirs.fr\/en\/mentions-legales\/","title":{"rendered":"Terms of use"},"content":{"rendered":"<h2 class=\"wp-block-heading\">L&#8217;atelier Gros-D\u00e9sirs<\/h2>\n\n\n\n<p><strong>Informations l\u00e9gales relatives au Site<\/strong><strong>&nbsp;<\/strong><strong>:<\/strong><\/p>\n\n\n\n<p><strong>Edition du Site&nbsp;:<\/strong><\/p>\n\n\n\n<p>D\u00e9nomination sociale :&nbsp;PRESTIGE COSMETIQUE&nbsp;(ci-apr\u00e8s la \u00ab&nbsp;<strong>Soci\u00e9t\u00e9<\/strong>&nbsp;\u00bb)<\/p>\n\n\n\n<p>Forme juridique :&nbsp;SASU<\/p>\n\n\n\n<p>Si\u00e8ge social :&nbsp;66 avenue des Champs Elys\u00e9es, 75008 Paris, FR<\/p>\n\n\n\n<p>Capital social :&nbsp;1.500&nbsp;Euros<\/p>\n\n\n\n<p>Num\u00e9ro d&#8217;identification :&nbsp;832467484<\/p>\n\n\n\n<p>Num\u00e9ro TVA :&nbsp;FR15832467484<\/p>\n\n\n\n<p>Tel :&nbsp;+33 (0)7.60.20.27.13<\/p>\n\n\n\n<p>Directeur&nbsp;de la publication :&nbsp;Monsieur Beno\u00eet Gros-D\u00e9sirs<\/p>\n\n\n\n<p><strong>Service Client&nbsp;<\/strong><strong>:<\/strong><\/p>\n\n\n\n<p>Pour toute information, question ou conseil, notre Service Client&nbsp;est \u00e0 votre disposition :<\/p>\n\n\n\n<p>Par&nbsp;t\u00e9l\u00e9phone&nbsp;:&nbsp;:&nbsp;+33 (0)7.60.20.27.13<\/p>\n\n\n\n<p>Par&nbsp;email&nbsp;:&nbsp;<a href=\"mailto:contact@lateliergrosdesirs.fr\">contact@lateliergrosdesirs.fr<\/a><\/p>\n\n\n\n<p><strong>H\u00e9bergement du S<\/strong><strong>ite :<\/strong><\/p>\n\n\n\n<p>D\u00e9nomination sociale&nbsp;: OVH<\/p>\n\n\n\n<p>Forme juridique :&nbsp;SAS<\/p>\n\n\n\n<p>Si\u00e8ge social :&nbsp;&nbsp;2, rue Kellermann, 59100 Roubaix, FR<\/p>\n\n\n\n<p>Capital social :&nbsp;10&nbsp;174&nbsp;560&nbsp;Euros<\/p>\n\n\n\n<p>Num\u00e9ro d&#8217;identification :&nbsp;424&nbsp;761 419<\/p>\n\n\n\n<p>Num\u00e9ro TVA :&nbsp;FR22424761419<\/p>\n\n\n\n<p>Tel :&nbsp;+33 (0)9 72 10 10 07<\/p>\n\n\n\n<p><strong>Conditions d\u2019utilisation du Site<\/strong><strong>&nbsp;<\/strong><strong>:<\/strong><\/p>\n\n\n\n<p><strong>Acc\u00e8s au Site<\/strong><\/p>\n\n\n\n<p>Le Site est ouvert \u00e0 tout&nbsp;internaute&nbsp;ou mobinaute, personne physique, quel qu\u2019il soit,&nbsp;\u00e2g\u00e9 d\u2019au moins seize (16) ans, sous r\u00e9serve de disposer d\u2019une connexion au r\u00e9seau Internet.&nbsp;Cependant, la cr\u00e9ation d\u2019un compte client est n\u00e9cessaire si&nbsp;l\u2019internaute ou mobinaute&nbsp;souhaite r\u00e9aliser une commande sur le Site. Le cas \u00e9ch\u00e9ant,&nbsp;la Soci\u00e9t\u00e9 l\u2019invite&nbsp;\u00e0&nbsp;se&nbsp;reporter aux Conditions G\u00e9n\u00e9rales de&nbsp;Vente.<\/p>\n\n\n\n<p>En naviguant sur le Site,&nbsp;l\u2019internaute ou mobinaute reconna\u00eet&nbsp;avoir pris connaissance et accepter pleinement et sans r\u00e9serve&nbsp;les pr\u00e9sentes conditions d\u2019utilisation.<\/p>\n\n\n\n<p><strong>Identification du Client&nbsp;<\/strong><\/p>\n\n\n\n<p>Pour toute premi\u00e8re commande,&nbsp;le Client devra&nbsp;suivre une proc\u00e9dure de cr\u00e9ation de compte client, telle qu\u2019indiqu\u00e9e sur le Site.&nbsp;Pour passer une commande,&nbsp;le Client doit&nbsp;s&#8217;identifier avec&nbsp;son&nbsp;adresse email et&nbsp;son&nbsp;mot de passe.<\/p>\n\n\n\n<p>En cas de perte ou d&#8217;oubli du mot de passe, le Client pourra&nbsp;le redemander en&nbsp;se&nbsp;rendant sur&nbsp;soncompte client et en cliquant sur &#8220;Mot de passe oubli\u00e9&#8221;.&nbsp;Il recevra&nbsp;alors un lien afin de modifier&nbsp;son&nbsp;mot&nbsp;de passe sur l&#8217;adresse&nbsp;email&nbsp;qu\u2019il a&nbsp;communiqu\u00e9e au moment de la cr\u00e9ation de&nbsp;son&nbsp;compte client.<\/p>\n\n\n\n<p>Le Client peut&nbsp;\u00e9galement contacter&nbsp;le Service Client&nbsp;par courrier \u00e9lectronique au&nbsp;<a href=\"mailto:contact@lateliergrosdesirs.fr\">contact@lateliergrosdesirs.fr<\/a>, ou par t\u00e9l\u00e9phone au +33 (0)7.60.20.27.13, pour demander le changement du mot de passe de&nbsp;son&nbsp;compte client.<\/p>\n\n\n\n<p><strong>Passation de la commande<\/strong><\/p>\n\n\n\n<p>Le Client doit \u00eatre \u00e2g\u00e9 d&#8217;au moins dix-huit (18) ans et avoir la capacit\u00e9 juridique n\u00e9cessaire pour passer et honorer toute commande ou \u00eatre titulaire d&#8217;une autorisation lui permettant de passer d&#8217;honorer toute commande et \u00eatre en mesure d&#8217;en justifier \u00e0 tout moment, sur simple demande de la Soci\u00e9t\u00e9.<\/p>\n\n\n\n<p>Le Client passe sa commande sur le Site et en respectant la proc\u00e9dure pr\u00e9vue et explicit\u00e9e ci-apr\u00e8s :&nbsp;<\/p>\n\n\n\n<p>1-&nbsp;Le Client compose l&#8217;adresse&nbsp;du Site&nbsp;:&nbsp;<a href=\"https:\/\/lateliergrosdesirs.fr\/en\/\"><strong>www.lateliergrosdesirs.fr<\/strong><\/a><\/p>\n\n\n\n<p>2-&nbsp;Le Client s\u00e9lectionne les Produits qu\u2019il d\u00e9sire commander et les ajoute \u00e0 son panier,<\/p>\n\n\n\n<p>3-&nbsp;Le Client remplit le formulaire de cr\u00e9ation de compte&nbsp;(pour la premi\u00e8re commande) ou se connecte \u00e0 son compte client,<\/p>\n\n\n\n<p>4-&nbsp;Le Client renseigne et v\u00e9rifie les \u00e9l\u00e9ments relatifs \u00e0 sa commande : l\u2019adresse de livraison et de facturation [sous peine de refus de la commande, le&nbsp;Client choisit une adresse de livraison de(s) Produit(s) n\u00e9cessairement situ\u00e9e dans les pays vis\u00e9s \u00e0&nbsp;l&#8217;article&nbsp;8.1&nbsp;des&nbsp;Conditions G\u00e9n\u00e9rales de Vente], le mode de livraison choisi, le mode de paiement choisi et les donn\u00e9es bancaires n\u00e9cessaires au paiement,<\/p>\n\n\n\n<p>5-&nbsp;Le Client v\u00e9rifie et&nbsp;accepte express\u00e9ment les&nbsp;Conditions G\u00e9n\u00e9rales de Vente&nbsp;ainsi que la Politique de Confidentialit\u00e9,<\/p>\n\n\n\n<p>6-&nbsp;Le Client valide la commande, le prix total et le prix tout compris, en cliquant sur&nbsp;\u00ab Payer ma commande \u00bb,<\/p>\n\n\n\n<p>7-&nbsp;Le Client re\u00e7oit par voie \u00e9lectronique un accus\u00e9 de r\u00e9ception reprenant les \u00e9l\u00e9ments de sa commande. La commande ne sera alors confirm\u00e9e qu&#8217;apr\u00e8s acceptation du paiement par la banque du Client et r\u00e9ception du montant de la commande par la Soci\u00e9t\u00e9,<\/p>\n\n\n\n<p>8-&nbsp;Le Client re\u00e7oit par voie \u00e9lectronique une confirmation de sa commande,<\/p>\n\n\n\n<p>9-&nbsp;Le Client re\u00e7oit son colis \u00e0 l&#8217;adresse de livraison qu&#8217;il a indiqu\u00e9e lors de sa commande,<\/p>\n\n\n\n<p>Le&nbsp;r\u00e9capitulatif&nbsp;de la commande sera \u00e9galement accessible&nbsp;sur le Site dans la rubrique \u00ab&nbsp;Mon compte&nbsp;\u00bb, cat\u00e9gorie \u00ab mes commandes \u00bb.<\/p>\n\n\n\n<p>Toute commande ne sera valid\u00e9e qu&#8217;apr\u00e8s acceptation du paiement. A l&#8217;issue du paiement, une confirmation de la commande est transmise par la Soci\u00e9t\u00e9 au Client, par courrier \u00e9lectronique \u00e0 l&#8217;adresse \u00e9lectronique indiqu\u00e9e par ce dernier.<\/p>\n\n\n\n<p>Le Client accepte que la facture soit consid\u00e9r\u00e9e comme preuve des relations contractuelles intervenues entre les parties. Le Client aura la possibilit\u00e9 d&#8217;imprimer la facture transmise avec la confirmation de commande.<\/p>\n\n\n\n<p>Conform\u00e9ment \u00e0 l&#8217;article 1127-2 du Code civil relatif \u00e0 la conclusion d&#8217;un contrat sous forme \u00e9lectronique,&nbsp;le Client peut visualiser le d\u00e9tail de sa commande (Produit, r\u00e9f\u00e9rence, quantit\u00e9, prix unitaire) et son prix total et corriger d&#8217;\u00e9ventuelles erreurs. Le Client doit v\u00e9rifier l&#8217;exactitude de sa commande avant de la confirmer pour exprimer son acceptation. Toute commande&nbsp;confirm\u00e9e vaut acceptation des prix et descriptions des Produits disponibles \u00e0 la vente. Toute contestation sur ce point interviendra dans le cadre d&#8217;un \u00e9ventuel \u00e9change et des garanties mentionn\u00e9es \u00e0 l&#8217;article&nbsp;10&nbsp;des Conditions G\u00e9n\u00e9rales de Vente. La Soci\u00e9t\u00e9 accusera r\u00e9ception de la commande d\u00e8s sa passation par&nbsp;l&#8217;envoi d&#8217;un courrier \u00e9lectronique.<\/p>\n\n\n\n<p>En cas d&#8217;indisponibilit\u00e9 d&#8217;un Produit lors de la passation de la commande, le Client en sera inform\u00e9 par la Soci\u00e9t\u00e9 par courrier \u00e9lectronique sur l&#8217;adresse email qu&#8217;il aura&nbsp;communiqu\u00e9e au moment de la cr\u00e9ation de son compte client.<\/p>\n\n\n\n<p>Dans certains cas, notamment d\u00e9faut de paiement, adresse erron\u00e9e ou autre probl\u00e8me sur le compte client, la Soci\u00e9t\u00e9 se r\u00e9serve le droit de bloquer la commande du Client jusqu&#8217;\u00e0 la r\u00e9solution du probl\u00e8me.<\/p>\n\n\n\n<p>Pour toute question relative au suivi d&#8217;une commande, le Client doit soit consulter son compte client sur le Site, soit \u00e9crire au Service&nbsp;Client&nbsp;dont les coordonn\u00e9es sont mentionn\u00e9es supra.<\/p>\n\n\n\n<p>La Soci\u00e9t\u00e9&nbsp;se r\u00e9serve&nbsp;le droit de ne pas accepter une commande d&#8217;un Client avec lequel elle est en litige pour une commande ant\u00e9rieure, ou si&nbsp;elle&nbsp;estime raisonnablement que ce Client a enfreint les&nbsp;Conditions G\u00e9n\u00e9rales&nbsp;de Vente,&nbsp;qu&#8217;il s&#8217;est engag\u00e9 dans une activit\u00e9 frauduleuse, ou pour tout autre motif l\u00e9gitime.<\/p>\n\n\n\n<p><strong>P<\/strong><strong>aiement<\/strong><\/p>\n\n\n\n<p>Le paiement se fait en euros, par carte bancaire\u00a0(Carte Bleue, Visa, Mastercard, American Express).<\/p>\n\n\n\n<p>Afin d&#8217;assurer la s\u00e9curit\u00e9 des paiements,\u00a0le Site utilise la passerelle de paiement s\u00e9curis\u00e9e\u00a0Stripe.\u00a0Ce service int\u00e8gre la norme de s\u00e9curit\u00e9 SSL. Les donn\u00e9es confidentielles (le num\u00e9ro de carte bancaire \u00e0 16 chiffres ainsi que la date d&#8217;expiration, le code CVV\/CVC) sont directement transmises crypt\u00e9es sur le serveur de la banque sans transiter sur les supports physiques du serveur\u00a0de la Soci\u00e9t\u00e9. Lorsque la commande est valid\u00e9e : La demande de paiement est rout\u00e9e en temps r\u00e9el sur le gestionnaire de t\u00e9l\u00e9paiement s\u00e9curis\u00e9. Celui-ci adresse une demande d&#8217;autorisation au r\u00e9seau carte bancaire. Le gestionnaire de t\u00e9l\u00e9paiement d\u00e9livre un certificat \u00e9lectronique qui vaudra preuve du montant et de la date de la transaction conform\u00e9ment aux dispositions des\u00a0articles 1358 et suivants du code civil.<\/p>\n\n\n\n<p><strong>Propri\u00e9t\u00e9 intellectuelle<\/strong><\/p>\n\n\n\n<p>La Soci\u00e9t\u00e9 dispose du droit lui permettant de commercialiser sur le Site l&#8217;int\u00e9gralit\u00e9 des Produits.<\/p>\n\n\n\n<p>Tous les \u00e9l\u00e9ments du Site&nbsp;et figurant sur le Site, qu&#8217;ils soient visuels ou sonores, y compris la technologie sous-jacente, les marques, logos, graphismes, photographies, dessins et mod\u00e8les, sont prot\u00e9g\u00e9s par le droit d&#8217;auteur, des marques,&nbsp;des brevets&nbsp;ou tout autre droit de propri\u00e9t\u00e9 intellectuelle. Ils sont la propri\u00e9t\u00e9 exclusive de la Soci\u00e9t\u00e9. Leur divulgation ne saurait en aucun cas \u00eatre interpr\u00e9t\u00e9e comme accordant une licence ou un droit d&#8217;utilisation quelconque des dites marques et \u00e9l\u00e9ments distinctifs prot\u00e9g\u00e9s par le droit d&#8217;auteur. Ils ne peuvent donc \u00eatre utilis\u00e9s sous peine de poursuites judiciaires.<\/p>\n\n\n\n<p>Ainsi, aucun des documents&nbsp;provenant du Site ne peut \u00eatre copi\u00e9, reproduit, republi\u00e9, t\u00e9l\u00e9charg\u00e9, post\u00e9, transmis ou distribu\u00e9 d&#8217;aucune mani\u00e8re que ce soit, sans l\u2019autorisation pr\u00e9alable de la Soci\u00e9t\u00e9.<\/p>\n\n\n\n<p>Cependant, il est possible&nbsp;pour l\u2019internaute ou le mobinaute&nbsp;de t\u00e9l\u00e9charger une copie des documents sur un ordinateur pour&nbsp;son&nbsp;utilisation personnelle et uniquement \u00e0 des fins non commerciales, \u00e0 condition de ne pas modifier les informations contenues et de conserver intacts tous les copyrights et autres mentions de propri\u00e9t\u00e9. La modification de ces documents ou leur utilisation dans un autre but constitue une infraction au droit de propri\u00e9t\u00e9 intellectuelle de&nbsp;la Soci\u00e9t\u00e9.&nbsp;De m\u00eame, tout lien hypertexte renvoyant au Site et utilisant la technique du&nbsp;<em>framing<\/em>&nbsp;ou du&nbsp;<em>in-line linking<\/em>&nbsp;est formellement interdite.<\/p>\n\n\n\n<p><strong>Responsabilit\u00e9<\/strong><\/p>\n\n\n\n<p>La&nbsp;Soci\u00e9t\u00e9&nbsp;s\u2019engage \u00e0 veiller au bon fonctionnement du Site, cependant sa responsabilit\u00e9 ne saurait \u00eatre engag\u00e9e pour tous les inconv\u00e9nients ou dommages inh\u00e9rents \u00e0 l&#8217;utilisation du r\u00e9seau Internet, notamment une rupture de service, une intrusion ext\u00e9rieure ou la pr\u00e9sence de virus informatiques.<\/p>\n\n\n\n<p>Le Site&nbsp;est conforme \u00e0 la l\u00e9gislation fran\u00e7aise, et en aucun cas,&nbsp;la Soci\u00e9t\u00e9&nbsp;ne donne de garantie de conformit\u00e9 \u00e0 la l\u00e9gislation locale qui serait applicable&nbsp;\u00e0 l\u2019internaute ou au mobinaute, d\u00e8s lors que&nbsp;celui-ci&nbsp;acc\u00e9dez au Site \u00e0 partir d&#8217;autres pays.<\/p>\n\n\n\n<p><em>Date de mise \u00e0 jour&nbsp;:&nbsp;<\/em><em>Octobre 2023<\/em><\/p>","protected":false},"excerpt":{"rendered":"<p>L&#8217;atelier Gros-D\u00e9sirs Informations l\u00e9gales relatives au Site&nbsp;: Edition du Site&nbsp;: D\u00e9nomination sociale :&nbsp;PRESTIGE COSMETIQUE&nbsp;(ci-apr\u00e8s la \u00ab&nbsp;Soci\u00e9t\u00e9&nbsp;\u00bb) Forme juridique :&nbsp;SASU Si\u00e8ge social :&nbsp;66 avenue des Champs Elys\u00e9es, 75008 Paris, FR Capital social :&nbsp;1.500&nbsp;Euros Num\u00e9ro d&#8217;identification :&nbsp;832467484 Num\u00e9ro TVA :&nbsp;FR15832467484 Tel :&nbsp;+33 (0)7.60.20.27.13 Directeur&nbsp;de la publication :&nbsp;Monsieur Beno\u00eet Gros-D\u00e9sirs Service Client&nbsp;: Pour toute information, question ou conseil, notre Service Client&nbsp;est \u00e0 votre disposition : Par&nbsp;t\u00e9l\u00e9phone&nbsp;:&nbsp;:&nbsp;+33 (0)7.60.20.27.13 Par&nbsp;email&nbsp;:&nbsp;contact@lateliergrosdesirs.fr H\u00e9bergement du Site : D\u00e9nomination sociale&nbsp;: OVH Forme juridique :&nbsp;SAS Si\u00e8ge social :&nbsp;&nbsp;2, rue Kellermann, 59100 Roubaix, FR Capital social :&nbsp;10&nbsp;174&nbsp;560&nbsp;Euros Num\u00e9ro d&#8217;identification :&nbsp;424&nbsp;761 419 Num\u00e9ro TVA :&nbsp;FR22424761419 Tel :&nbsp;+33 (0)9 72 10 10 07 Conditions d\u2019utilisation du Site&nbsp;: Acc\u00e8s au Site Le Site est ouvert \u00e0 tout&nbsp;internaute&nbsp;ou mobinaute, personne physique, quel qu\u2019il soit,&nbsp;\u00e2g\u00e9 d\u2019au moins seize (16) ans, sous r\u00e9serve de disposer d\u2019une connexion au r\u00e9seau Internet.&nbsp;Cependant, la cr\u00e9ation d\u2019un compte client est n\u00e9cessaire si&nbsp;l\u2019internaute ou mobinaute&nbsp;souhaite r\u00e9aliser une commande sur le Site. Le cas \u00e9ch\u00e9ant,&nbsp;la Soci\u00e9t\u00e9 l\u2019invite&nbsp;\u00e0&nbsp;se&nbsp;reporter aux Conditions G\u00e9n\u00e9rales de&nbsp;Vente. En naviguant sur le Site,&nbsp;l\u2019internaute ou mobinaute reconna\u00eet&nbsp;avoir pris connaissance et accepter pleinement et sans r\u00e9serve&nbsp;les pr\u00e9sentes conditions d\u2019utilisation. Identification du Client&nbsp; Pour toute premi\u00e8re commande,&nbsp;le Client devra&nbsp;suivre une proc\u00e9dure de cr\u00e9ation de compte client, telle qu\u2019indiqu\u00e9e sur le Site.&nbsp;Pour passer une commande,&nbsp;le Client doit&nbsp;s&#8217;identifier avec&nbsp;son&nbsp;adresse email et&nbsp;son&nbsp;mot de passe. En cas de perte ou d&#8217;oubli du mot de passe, le Client pourra&nbsp;le redemander en&nbsp;se&nbsp;rendant sur&nbsp;soncompte client et en cliquant sur &#8220;Mot de passe oubli\u00e9&#8221;.&nbsp;Il recevra&nbsp;alors un lien afin de modifier&nbsp;son&nbsp;mot&nbsp;de passe sur l&#8217;adresse&nbsp;email&nbsp;qu\u2019il a&nbsp;communiqu\u00e9e au moment de la cr\u00e9ation de&nbsp;son&nbsp;compte client. Le Client peut&nbsp;\u00e9galement contacter&nbsp;le Service Client&nbsp;par courrier \u00e9lectronique au&nbsp;contact@lateliergrosdesirs.fr, ou par t\u00e9l\u00e9phone au +33 (0)7.60.20.27.13, pour demander le changement du mot de passe de&nbsp;son&nbsp;compte client. Passation de la commande Le Client doit \u00eatre \u00e2g\u00e9 d&#8217;au moins dix-huit (18) ans et avoir la capacit\u00e9 juridique n\u00e9cessaire pour passer et honorer toute commande ou \u00eatre titulaire d&#8217;une autorisation lui permettant de passer d&#8217;honorer toute commande et \u00eatre en mesure d&#8217;en justifier \u00e0 tout moment, sur simple demande de la Soci\u00e9t\u00e9. Le Client passe sa commande sur le Site et en respectant la proc\u00e9dure pr\u00e9vue et explicit\u00e9e ci-apr\u00e8s :&nbsp; 1-&nbsp;Le Client compose l&#8217;adresse&nbsp;du Site&nbsp;:&nbsp;www.lateliergrosdesirs.fr 2-&nbsp;Le Client s\u00e9lectionne les Produits qu\u2019il d\u00e9sire commander et les ajoute \u00e0 son panier, 3-&nbsp;Le Client remplit le formulaire de cr\u00e9ation de compte&nbsp;(pour la premi\u00e8re commande) ou se connecte \u00e0 son compte client, 4-&nbsp;Le Client renseigne et v\u00e9rifie les \u00e9l\u00e9ments relatifs \u00e0 sa commande : l\u2019adresse de livraison et de facturation [sous peine de refus de la commande, le&nbsp;Client choisit une adresse de livraison de(s) Produit(s) n\u00e9cessairement situ\u00e9e dans les pays vis\u00e9s \u00e0&nbsp;l&#8217;article&nbsp;8.1&nbsp;des&nbsp;Conditions G\u00e9n\u00e9rales de Vente], le mode de livraison choisi, le mode de paiement choisi et les donn\u00e9es bancaires n\u00e9cessaires au paiement, 5-&nbsp;Le Client v\u00e9rifie et&nbsp;accepte express\u00e9ment les&nbsp;Conditions G\u00e9n\u00e9rales de Vente&nbsp;ainsi que la Politique de Confidentialit\u00e9, 6-&nbsp;Le Client valide la commande, le prix total et le prix tout compris, en cliquant sur&nbsp;\u00ab Payer ma commande \u00bb, 7-&nbsp;Le Client re\u00e7oit par voie \u00e9lectronique un accus\u00e9 de r\u00e9ception reprenant les \u00e9l\u00e9ments de sa commande. La commande ne sera alors confirm\u00e9e qu&#8217;apr\u00e8s acceptation du paiement par la banque du Client et r\u00e9ception du montant de la commande par la Soci\u00e9t\u00e9, 8-&nbsp;Le Client re\u00e7oit par voie \u00e9lectronique une confirmation de sa commande, 9-&nbsp;Le Client re\u00e7oit son colis \u00e0 l&#8217;adresse de livraison qu&#8217;il a indiqu\u00e9e lors de sa commande, Le&nbsp;r\u00e9capitulatif&nbsp;de la commande sera \u00e9galement accessible&nbsp;sur le Site dans la rubrique \u00ab&nbsp;Mon compte&nbsp;\u00bb, cat\u00e9gorie \u00ab mes commandes \u00bb. Toute commande ne sera valid\u00e9e qu&#8217;apr\u00e8s acceptation du paiement. A l&#8217;issue du paiement, une confirmation de la commande est transmise par la Soci\u00e9t\u00e9 au Client, par courrier \u00e9lectronique \u00e0 l&#8217;adresse \u00e9lectronique indiqu\u00e9e par ce dernier. Le Client accepte que la facture soit consid\u00e9r\u00e9e comme preuve des relations contractuelles intervenues entre les parties. Le Client aura la possibilit\u00e9 d&#8217;imprimer la facture transmise avec la confirmation de commande. Conform\u00e9ment \u00e0 l&#8217;article 1127-2 du Code civil relatif \u00e0 la conclusion d&#8217;un contrat sous forme \u00e9lectronique,&nbsp;le Client peut visualiser le d\u00e9tail de sa commande (Produit, r\u00e9f\u00e9rence, quantit\u00e9, prix unitaire) et son prix total et corriger d&#8217;\u00e9ventuelles erreurs. Le Client doit v\u00e9rifier l&#8217;exactitude de sa commande avant de la confirmer pour exprimer son acceptation. Toute commande&nbsp;confirm\u00e9e vaut acceptation des prix et descriptions des Produits disponibles \u00e0 la vente. Toute contestation sur ce point interviendra dans le cadre d&#8217;un \u00e9ventuel \u00e9change et des garanties mentionn\u00e9es \u00e0 l&#8217;article&nbsp;10&nbsp;des Conditions G\u00e9n\u00e9rales de Vente. La Soci\u00e9t\u00e9 accusera r\u00e9ception de la commande d\u00e8s sa passation par&nbsp;l&#8217;envoi d&#8217;un courrier \u00e9lectronique. En cas d&#8217;indisponibilit\u00e9 d&#8217;un Produit lors de la passation de la commande, le Client en sera inform\u00e9 par la Soci\u00e9t\u00e9 par courrier \u00e9lectronique sur l&#8217;adresse email qu&#8217;il aura&nbsp;communiqu\u00e9e au moment de la cr\u00e9ation de son compte client. Dans certains cas, notamment d\u00e9faut de paiement, adresse erron\u00e9e ou autre probl\u00e8me sur le compte client, la Soci\u00e9t\u00e9 se r\u00e9serve le droit de bloquer la commande du Client jusqu&#8217;\u00e0 la r\u00e9solution du probl\u00e8me. Pour toute question relative au suivi d&#8217;une commande, le Client doit soit consulter son compte client sur le Site, soit \u00e9crire au Service&nbsp;Client&nbsp;dont les coordonn\u00e9es sont mentionn\u00e9es supra. La Soci\u00e9t\u00e9&nbsp;se r\u00e9serve&nbsp;le droit de ne pas accepter une commande d&#8217;un Client avec lequel elle est en litige pour une commande ant\u00e9rieure, ou si&nbsp;elle&nbsp;estime raisonnablement que ce Client a enfreint les&nbsp;Conditions G\u00e9n\u00e9rales&nbsp;de Vente,&nbsp;qu&#8217;il s&#8217;est engag\u00e9 dans une activit\u00e9 frauduleuse, ou pour tout autre motif l\u00e9gitime. Paiement Le paiement se fait en euros, par carte bancaire\u00a0(Carte Bleue, Visa, Mastercard, American Express). Afin d&#8217;assurer la s\u00e9curit\u00e9 des paiements,\u00a0le Site utilise la passerelle de paiement s\u00e9curis\u00e9e\u00a0Stripe.\u00a0Ce service int\u00e8gre la norme de s\u00e9curit\u00e9 SSL. Les donn\u00e9es confidentielles (le num\u00e9ro de carte bancaire \u00e0 16 chiffres ainsi que la date d&#8217;expiration, le code CVV\/CVC) sont directement transmises crypt\u00e9es sur le serveur de la banque sans transiter sur les supports physiques du serveur\u00a0de la Soci\u00e9t\u00e9. Lorsque la commande est valid\u00e9e : La demande de paiement est rout\u00e9e en temps r\u00e9el sur le gestionnaire de t\u00e9l\u00e9paiement s\u00e9curis\u00e9. Celui-ci adresse une demande d&#8217;autorisation au r\u00e9seau carte bancaire. Le gestionnaire de t\u00e9l\u00e9paiement d\u00e9livre un certificat \u00e9lectronique qui vaudra preuve du montant et de la date de la transaction conform\u00e9ment aux dispositions des\u00a0articles 1358 et suivants du code civil. Propri\u00e9t\u00e9 intellectuelle La Soci\u00e9t\u00e9 dispose du droit lui permettant de commercialiser sur le Site l&#8217;int\u00e9gralit\u00e9 des Produits. Tous les \u00e9l\u00e9ments du Site&nbsp;et figurant sur le Site, qu&#8217;ils soient visuels ou sonores, y compris la technologie sous-jacente, les marques, logos, graphismes, photographies, dessins et mod\u00e8les, sont prot\u00e9g\u00e9s par le droit d&#8217;auteur, des marques,&nbsp;des brevets&nbsp;ou tout autre droit de propri\u00e9t\u00e9 intellectuelle. Ils sont la propri\u00e9t\u00e9 exclusive de la Soci\u00e9t\u00e9. Leur divulgation ne saurait en aucun cas \u00eatre interpr\u00e9t\u00e9e comme accordant une licence ou un droit d&#8217;utilisation quelconque des dites marques et \u00e9l\u00e9ments distinctifs prot\u00e9g\u00e9s par le droit d&#8217;auteur. Ils ne peuvent donc \u00eatre utilis\u00e9s sous peine de poursuites judiciaires. Ainsi, aucun des documents&nbsp;provenant du Site ne peut \u00eatre copi\u00e9, reproduit, republi\u00e9, t\u00e9l\u00e9charg\u00e9, post\u00e9, transmis ou distribu\u00e9 d&#8217;aucune mani\u00e8re que ce soit, sans l\u2019autorisation pr\u00e9alable de la Soci\u00e9t\u00e9. Cependant, il est possible&nbsp;pour l\u2019internaute ou le mobinaute&nbsp;de t\u00e9l\u00e9charger une copie des documents sur un ordinateur pour&nbsp;son&nbsp;utilisation personnelle et uniquement \u00e0 des fins non commerciales, \u00e0 condition de ne pas modifier les informations contenues et de conserver intacts tous les copyrights et autres mentions de propri\u00e9t\u00e9. La modification de ces documents ou leur utilisation dans un autre but constitue une infraction au droit de propri\u00e9t\u00e9 intellectuelle de&nbsp;la Soci\u00e9t\u00e9.&nbsp;De m\u00eame, tout lien hypertexte renvoyant au Site et utilisant la technique du&nbsp;framing&nbsp;ou du&nbsp;in-line linking&nbsp;est formellement interdite. Responsabilit\u00e9 La&nbsp;Soci\u00e9t\u00e9&nbsp;s\u2019engage \u00e0 veiller au bon fonctionnement du Site, cependant sa responsabilit\u00e9 ne saurait \u00eatre engag\u00e9e pour tous les inconv\u00e9nients ou dommages inh\u00e9rents \u00e0 l&#8217;utilisation du r\u00e9seau Internet, notamment une rupture de service, une intrusion ext\u00e9rieure ou la pr\u00e9sence de virus informatiques. Le Site&nbsp;est conforme \u00e0 la l\u00e9gislation fran\u00e7aise, et en aucun cas,&nbsp;la Soci\u00e9t\u00e9&nbsp;ne donne de garantie de conformit\u00e9 \u00e0 la l\u00e9gislation locale qui serait applicable&nbsp;\u00e0 l\u2019internaute ou au mobinaute, d\u00e8s lors que&nbsp;celui-ci&nbsp;acc\u00e9dez au Site \u00e0 partir d&#8217;autres pays. Date de mise \u00e0 jour&nbsp;:&nbsp;Octobre 2023<\/p>","protected":false},"author":1,"featured_media":0,"parent":0,"menu_order":0,"comment_status":"closed","ping_status":"closed","template":"","meta":{"footnotes":""},"class_list":["post-407","page","type-page","status-publish","hentry"],"jetpack_sharing_enabled":true,"_links":{"self":[{"href":"https:\/\/lateliergrosdesirs.fr\/en\/wp-json\/wp\/v2\/pages\/407","targetHints":{"allow":["GET"]}}],"collection":[{"href":"https:\/\/lateliergrosdesirs.fr\/en\/wp-json\/wp\/v2\/pages"}],"about":[{"href":"https:\/\/lateliergrosdesirs.fr\/en\/wp-json\/wp\/v2\/types\/page"}],"author":[{"embeddable":true,"href":"https:\/\/lateliergrosdesirs.fr\/en\/wp-json\/wp\/v2\/users\/1"}],"replies":[{"embeddable":true,"href":"https:\/\/lateliergrosdesirs.fr\/en\/wp-json\/wp\/v2\/comments?post=407"}],"version-history":[{"count":1,"href":"https:\/\/lateliergrosdesirs.fr\/en\/wp-json\/wp\/v2\/pages\/407\/revisions"}],"predecessor-version":[{"id":408,"href":"https:\/\/lateliergrosdesirs.fr\/en\/wp-json\/wp\/v2\/pages\/407\/revisions\/408"}],"wp:attachment":[{"href":"https:\/\/lateliergrosdesirs.fr\/en\/wp-json\/wp\/v2\/media?parent=407"}],"curies":[{"name":"wp","href":"https:\/\/api.w.org\/{rel}","templated":true}]}}