{"id":89,"date":"2023-03-12T15:05:23","date_gmt":"2023-03-12T14:05:23","guid":{"rendered":"http:\/\/lateliergrosdesirs.fr\/?page_id=89"},"modified":"2023-12-01T15:19:34","modified_gmt":"2023-12-01T14:19:34","slug":"lidee","status":"publish","type":"page","link":"https:\/\/lateliergrosdesirs.fr\/en\/univers-2\/lidee\/","title":{"rendered":"About us"},"content":{"rendered":"<blockquote class=\"wp-block-quote is-layout-flow wp-block-quote-is-layout-flow\">\n<h2 class=\"wp-block-heading\"><strong>An Olfactory Imprint in a Man's History<\/strong><\/h2>\n<\/blockquote>\n\n\n\n<p><br>Lorsque Beno\u00eet se raconte, il d\u00e9voile de fa\u00e7on humble qu\u2019il n\u2019a pas suivi un sch\u00e9ma scolaire classique. Ses professeurs le disaient pourtant dou\u00e9 mais il ne se sent pas \u00e0 sa place dans un moule pr\u00e9format\u00e9. Il s\u2018\u00e9chappe alors tr\u00e8s vite de ce syst\u00e8me qui ne lui correspond pas. \u00c0 l\u2019heure ou d&#8217;autres sortent de l&#8217;adolescence et vivent des moments d\u2019insouciance. Benoit fait ses premiers pas dans le monde du travail,en encha\u00eenant des petits boulots, ce qui le conduit \u00e0 avoir des exp\u00e9riences dans diff\u00e9rents domaines.<\/p>\n\n\n\n<div style=\"height:43px\" aria-hidden=\"true\" class=\"wp-block-spacer\"><\/div>\n\n\n\n<figure class=\"wp-block-image size-full\"><img loading=\"lazy\" decoding=\"async\" width=\"822\" height=\"55\" src=\"http:\/\/lateliergrosdesirs.fr\/wp-content\/uploads\/2023\/03\/Sans-titre-26-1.png\" alt=\"\" class=\"wp-image-97\" srcset=\"https:\/\/lateliergrosdesirs.fr\/wp-content\/uploads\/2023\/03\/Sans-titre-26-1.png 822w, https:\/\/lateliergrosdesirs.fr\/wp-content\/uploads\/2023\/03\/Sans-titre-26-1-800x55.png 800w, https:\/\/lateliergrosdesirs.fr\/wp-content\/uploads\/2023\/03\/Sans-titre-26-1-578x39.png 578w, https:\/\/lateliergrosdesirs.fr\/wp-content\/uploads\/2023\/03\/Sans-titre-26-1-300x20.png 300w, https:\/\/lateliergrosdesirs.fr\/wp-content\/uploads\/2023\/03\/Sans-titre-26-1-768x51.png 768w\" sizes=\"auto, (max-width: 822px) 100vw, 822px\" \/><\/figure>\n\n\n\n<div style=\"height:43px\" aria-hidden=\"true\" class=\"wp-block-spacer\"><\/div>\n\n\n\n<p style=\"font-size:15px\">From those moments onward, the desire to work and surpass himself becomes driving forces throughout his life.<br>L&#8217;entrepreneuriat devient une deuxi\u00e8me nature pour le jeune homme qu\u2019il est encore, accompagn\u00e9 du sentiment, tr\u00e8s t\u00f4t, qu\u2019il est destin\u00e9 \u00e0 cr\u00e9er.<br>He may not say much, but it's a revelation. He then keeps this buried dream of one day having his own range of perfumes.<\/p>\n\n\n\n<p style=\"font-size:25px\"><br><strong>What does perfume mean to him?<\/strong><\/p>\n\n\n\n<p>C\u2019est tout simplement l&#8217;histoire d\u2019une vie, ponctu\u00e9e de moments dr\u00f4les, tristes, \u00e9mouvants qui laissent chacun leur empreinte olfactive.<br>Ask Beno\u00eet, and he'll tell you that perfume evokes emotions, awakens the senses, and invites sharing. It has a magical aspect that instantly transports you through time and distant lands.<br>Creating l\u2019atelier Gros-D\u00e9sirs is a personal investment, fueled by the idea of adding his touch and eliciting touches of aromatic poetry. The launch of the first range is a milestone in the realization of a lifelong dream driven by a desire to share through subtle traces left on your skin.<br>La sortie de la premi\u00e8re gamme est une premi\u00e8re \u00e9tape dans l\u2019aboutissement du r\u00eave d\u2019une vie port\u00e9 par un d\u00e9sir de partage au travers de traces subtiles laiss\u00e9es sur votre peau.<\/p>\n\n\n\n<div style=\"height:43px\" aria-hidden=\"true\" class=\"wp-block-spacer\"><\/div>\n\n\n\n<figure class=\"wp-block-image size-full\"><img loading=\"lazy\" decoding=\"async\" width=\"822\" height=\"55\" src=\"http:\/\/lateliergrosdesirs.fr\/wp-content\/uploads\/2023\/03\/Sans-titre-26-1.png\" alt=\"\" class=\"wp-image-97\" srcset=\"https:\/\/lateliergrosdesirs.fr\/wp-content\/uploads\/2023\/03\/Sans-titre-26-1.png 822w, https:\/\/lateliergrosdesirs.fr\/wp-content\/uploads\/2023\/03\/Sans-titre-26-1-800x55.png 800w, https:\/\/lateliergrosdesirs.fr\/wp-content\/uploads\/2023\/03\/Sans-titre-26-1-578x39.png 578w, https:\/\/lateliergrosdesirs.fr\/wp-content\/uploads\/2023\/03\/Sans-titre-26-1-300x20.png 300w, https:\/\/lateliergrosdesirs.fr\/wp-content\/uploads\/2023\/03\/Sans-titre-26-1-768x51.png 768w\" sizes=\"auto, (max-width: 822px) 100vw, 822px\" \/><\/figure>\n\n\n\n<div style=\"height:43px\" aria-hidden=\"true\" class=\"wp-block-spacer\"><\/div>\n\n\n\n<figure class=\"wp-block-video\"><video height=\"1080\" style=\"aspect-ratio: 1920 \/ 1080;\" width=\"1920\" autoplay loop muted preload=\"auto\" src=\"https:\/\/lateliergrosdesirs.fr\/wp-content\/uploads\/2023\/10\/GD-Pub-45s-1.mp4\" playsinline><\/video><\/figure>","protected":false},"excerpt":{"rendered":"<p>Une empreinte olfactive dans l\u2019histoire d\u2019un homme Lorsque Beno\u00eet se raconte, il d\u00e9voile de fa\u00e7on humble qu\u2019il n\u2019a pas suivi un sch\u00e9ma scolaire classique. Ses professeurs le disaient pourtant dou\u00e9 mais il ne se sent pas \u00e0 sa place dans un moule pr\u00e9format\u00e9. Il s\u2018\u00e9chappe alors tr\u00e8s vite de ce syst\u00e8me qui ne lui correspond pas. \u00c0 l\u2019heure ou d&#8217;autres sortent de l&#8217;adolescence et vivent des moments d\u2019insouciance. Benoit fait ses premiers pas dans le monde du travail,en encha\u00eenant des petits boulots, ce qui le conduit \u00e0 avoir des exp\u00e9riences dans diff\u00e9rents domaines. \u00c0 compter de ces moments, toute sa vie, l\u2019envie de travailler et de se d\u00e9passer deviendront des moteurs.L&#8217;entrepreneuriat devient une deuxi\u00e8me nature pour le jeune homme qu\u2019il est encore, accompagn\u00e9 du sentiment, tr\u00e8s t\u00f4t, qu\u2019il est destin\u00e9 \u00e0 cr\u00e9er.Il monte plusieurs soci\u00e9t\u00e9s et peu \u00e0 peu se dirige dans le monde magique du parfum. Il ne dit mot mais c\u2019est une r\u00e9v\u00e9lation. Il gardera alors ce r\u00eave enfoui d\u2019avoir un jour sa propre gamme de parfums. Le parfum, pour lui ? C\u2019est tout simplement l&#8217;histoire d\u2019une vie, ponctu\u00e9e de moments dr\u00f4les, tristes, \u00e9mouvants qui laissent chacun leur empreinte olfactive.Posez la question \u00e0 Benoit. Il vous r\u00e9pondra que le parfum provoque des \u00e9motions, ouvre les sens et invite au partage : il a ce c\u00f4t\u00e9 magique qui vous fait instantan\u00e9ment voyager dans le temps et dans des contr\u00e9es \u00e9loign\u00e9es.Cr\u00e9er l\u2019atelier Gros-D\u00e9sirs est un investissement personnel, galvanis\u00e9 par cette id\u00e9e d\u2019apporter sa touche, en suscitant des touches de po\u00e9sie aromatique.La sortie de la premi\u00e8re gamme est une premi\u00e8re \u00e9tape dans l\u2019aboutissement du r\u00eave d\u2019une vie port\u00e9 par un d\u00e9sir de partage au travers de traces subtiles laiss\u00e9es sur votre peau.<\/p>","protected":false},"author":1,"featured_media":0,"parent":30,"menu_order":0,"comment_status":"closed","ping_status":"closed","template":"","meta":{"footnotes":""},"class_list":["post-89","page","type-page","status-publish","hentry"],"jetpack_sharing_enabled":true,"_links":{"self":[{"href":"https:\/\/lateliergrosdesirs.fr\/en\/wp-json\/wp\/v2\/pages\/89","targetHints":{"allow":["GET"]}}],"collection":[{"href":"https:\/\/lateliergrosdesirs.fr\/en\/wp-json\/wp\/v2\/pages"}],"about":[{"href":"https:\/\/lateliergrosdesirs.fr\/en\/wp-json\/wp\/v2\/types\/page"}],"author":[{"embeddable":true,"href":"https:\/\/lateliergrosdesirs.fr\/en\/wp-json\/wp\/v2\/users\/1"}],"replies":[{"embeddable":true,"href":"https:\/\/lateliergrosdesirs.fr\/en\/wp-json\/wp\/v2\/comments?post=89"}],"version-history":[{"count":9,"href":"https:\/\/lateliergrosdesirs.fr\/en\/wp-json\/wp\/v2\/pages\/89\/revisions"}],"predecessor-version":[{"id":423,"href":"https:\/\/lateliergrosdesirs.fr\/en\/wp-json\/wp\/v2\/pages\/89\/revisions\/423"}],"up":[{"embeddable":true,"href":"https:\/\/lateliergrosdesirs.fr\/en\/wp-json\/wp\/v2\/pages\/30"}],"wp:attachment":[{"href":"https:\/\/lateliergrosdesirs.fr\/en\/wp-json\/wp\/v2\/media?parent=89"}],"curies":[{"name":"wp","href":"https:\/\/api.w.org\/{rel}","templated":true}]}}