{"id":228,"date":"2023-10-02T16:09:25","date_gmt":"2023-10-02T14:09:25","guid":{"rendered":"https:\/\/lateliergrosdesirs.fr\/?post_type=product&#038;p=228"},"modified":"2023-11-23T01:24:57","modified_gmt":"2023-11-23T00:24:57","slug":"bois-ambres","status":"publish","type":"product","link":"https:\/\/lateliergrosdesirs.fr\/en\/product\/bois-ambres\/","title":{"rendered":"Bois ambr\u00e9s"},"content":{"rendered":"<p>Le parfum Bois ambr\u00e9s de l\u2019atelier Gros-d\u00e9sirs est une identit\u00e9 olfactive \u00e0 part enti\u00e8re. Il n\u2019a pas d&#8217;\u00e9gal. Il se voulait diff\u00e9rent des parfums d\u00e9j\u00e0 accessibles sur le march\u00e9 et le r\u00e9sultat lui conf\u00e8re un caract\u00e8re exclusif.<br \/>\nDu parfum en lui-m\u00eame \u00e0 son \u00e9crin, tout a \u00e9t\u00e9 pens\u00e9 comme une exp\u00e9rience unique et raffin\u00e9e. L\u2019atelier Gros-d\u00e9sirs est l\u2019incarnation du luxe et de l&#8217;\u00e9l\u00e9gance \u00e0 la fran\u00e7aise, inspir\u00e9 de la p\u00e9riode art d\u00e9co, son flacon a \u00e9t\u00e9 fa\u00e7onn\u00e9 tel un objet d\u2019art.<br \/>\nAmoureux, esth\u00e8tes, vous verrez \u00e0 chaque effluve, la douceur des nuits d&#8217;\u00e9t\u00e9 sur la french Riviera, la promesse d\u2019une rencontre amoureuse, attabl\u00e9s en terrasse en bordure du lac de C\u00f4me, la somptuosit\u00e9 d\u2019un palace \u00e0 Abu Dhabi.<br \/>\nCelebrating difference is the essence of l\u2019atelier Gros-D\u00e9sirs. Regardless of your identity, your gender, the new chic is to embrace the essence of your being. This anthem to diversity and joy will leave the memory of your elegant presence indelibly.<br \/>\nCette hymne \u00e0 la diversit\u00e9, \u00e0 la joie laissera le souvenir de votre pr\u00e9sence \u00e9l\u00e9gante de fa\u00e7on ind\u00e9l\u00e9bile.<\/p>","protected":false},"excerpt":{"rendered":"<p><strong>Composition<\/strong><\/p>\n<p>Top notes: Rose, bergamot, green notes<br \/>\nHeart notes: Heliotrope, pink jasmine, carnation<br \/>\nBase notes: Vanilla, amber, amber woods, moss, musk<\/p>\n<p>Bottle 100 ml<\/p>","protected":false},"featured_media":221,"template":"","meta":[],"product_brand":[],"product_cat":[18],"product_tag":[],"class_list":{"0":"post-228","1":"product","2":"type-product","3":"status-publish","4":"has-post-thumbnail","6":"product_cat-non-classe","8":"first","9":"instock","10":"taxable","11":"shipping-taxable","12":"purchasable","13":"product-type-simple"},"jetpack_sharing_enabled":true,"_links":{"self":[{"href":"https:\/\/lateliergrosdesirs.fr\/en\/wp-json\/wp\/v2\/product\/228","targetHints":{"allow":["GET"]}}],"collection":[{"href":"https:\/\/lateliergrosdesirs.fr\/en\/wp-json\/wp\/v2\/product"}],"about":[{"href":"https:\/\/lateliergrosdesirs.fr\/en\/wp-json\/wp\/v2\/types\/product"}],"wp:featuredmedia":[{"embeddable":true,"href":"https:\/\/lateliergrosdesirs.fr\/en\/wp-json\/wp\/v2\/media\/221"}],"wp:attachment":[{"href":"https:\/\/lateliergrosdesirs.fr\/en\/wp-json\/wp\/v2\/media?parent=228"}],"wp:term":[{"taxonomy":"product_brand","embeddable":true,"href":"https:\/\/lateliergrosdesirs.fr\/en\/wp-json\/wp\/v2\/product_brand?post=228"},{"taxonomy":"product_cat","embeddable":true,"href":"https:\/\/lateliergrosdesirs.fr\/en\/wp-json\/wp\/v2\/product_cat?post=228"},{"taxonomy":"product_tag","embeddable":true,"href":"https:\/\/lateliergrosdesirs.fr\/en\/wp-json\/wp\/v2\/product_tag?post=228"}],"curies":[{"name":"wp","href":"https:\/\/api.w.org\/{rel}","templated":true}]}}