{"id":243,"date":"2023-11-14T18:00:31","date_gmt":"2023-11-14T17:00:31","guid":{"rendered":"https:\/\/lateliergrosdesirs.fr\/?post_type=product&#038;p=243"},"modified":"2023-11-23T01:33:59","modified_gmt":"2023-11-23T00:33:59","slug":"coffret-decouverte","status":"publish","type":"product","link":"https:\/\/lateliergrosdesirs.fr\/en\/product\/coffret-decouverte\/","title":{"rendered":"Coffret d\u00e9couverte"},"content":{"rendered":"<p>Through the creation of its perfumes, l\u2019atelier Gros-D\u00e9sirs transports your senses and invites you on a journey.<br \/>\nDerri\u00e8re les diff\u00e9rentes tonalit\u00e9s de fragrance, une promesse de d\u00e9couverte, de d\u00e9sir et d&#8217;\u00e9motions. C&#8217;est une ode \u00e0 l\u2019acceptation, au multiculturalisme et surtout \u00e0 la vie. Plus de trois an de recherches, et d\u2019exp\u00e9rimentations, ont \u00e9t\u00e9 n\u00e9cessaires afin d\u2019atteindre les r\u00e9sultats souhait\u00e9s.A chaque \u00e9tape de l&#8217;\u00e9laboration de cette gamme novatrice, l\u2019exigence a \u00e9t\u00e9 le ma\u00eetre mot. Le soin apport\u00e9 au moindre d\u00e9tail rend ces parfums remarquables et hors du commun.<br \/>\nThe subtlety of each note was considered and studied to arouse your desire to choose the Gros-d\u00e9sirs Workshop as the creator of your memories.<\/p>","protected":false},"excerpt":{"rendered":"<p><strong>Composition Bois ambr\u00e9s\u00a0<\/strong><\/p>\n<p>Top notes: Rose, bergamot, green notes<br \/>\nHeart notes: Heliotrope, pink jasmine, carnation<br \/>\nBase notes: Vanilla, amber, amber woods, moss, musk<\/p>\n<p>&#8212;&#8211;<\/p>\n<p><strong>Composition Cuir velout\u00e9<\/strong><\/p>\n<p>Top notes: Suede, raspberry, bergamot, saffron, plum, myrrh<br \/>\nHeart notes: Amberwood, white flower, leather, vetiver, iris<br \/>\nBase notes: Musk, amber, Cypriol, caramel, moss, labdanum, clary sage<\/p>\n<p>&nbsp;<\/p>\n<p>Bottles: 10 ml each<\/p>","protected":false},"featured_media":219,"template":"","meta":[],"product_brand":[],"product_cat":[18],"product_tag":[],"class_list":{"0":"post-243","1":"product","2":"type-product","3":"status-publish","4":"has-post-thumbnail","6":"product_cat-non-classe","8":"first","9":"instock","10":"taxable","11":"shipping-taxable","12":"purchasable","13":"product-type-simple"},"jetpack_sharing_enabled":true,"_links":{"self":[{"href":"https:\/\/lateliergrosdesirs.fr\/en\/wp-json\/wp\/v2\/product\/243","targetHints":{"allow":["GET"]}}],"collection":[{"href":"https:\/\/lateliergrosdesirs.fr\/en\/wp-json\/wp\/v2\/product"}],"about":[{"href":"https:\/\/lateliergrosdesirs.fr\/en\/wp-json\/wp\/v2\/types\/product"}],"wp:featuredmedia":[{"embeddable":true,"href":"https:\/\/lateliergrosdesirs.fr\/en\/wp-json\/wp\/v2\/media\/219"}],"wp:attachment":[{"href":"https:\/\/lateliergrosdesirs.fr\/en\/wp-json\/wp\/v2\/media?parent=243"}],"wp:term":[{"taxonomy":"product_brand","embeddable":true,"href":"https:\/\/lateliergrosdesirs.fr\/en\/wp-json\/wp\/v2\/product_brand?post=243"},{"taxonomy":"product_cat","embeddable":true,"href":"https:\/\/lateliergrosdesirs.fr\/en\/wp-json\/wp\/v2\/product_cat?post=243"},{"taxonomy":"product_tag","embeddable":true,"href":"https:\/\/lateliergrosdesirs.fr\/en\/wp-json\/wp\/v2\/product_tag?post=243"}],"curies":[{"name":"wp","href":"https:\/\/api.w.org\/{rel}","templated":true}]}}